{"id":1617,"date":"2019-05-13T12:53:55","date_gmt":"2019-05-13T19:53:55","guid":{"rendered":"https:\/\/sales.vdigitalservices.com\/dev-shell-vc\/?page_id=1617"},"modified":"2024-03-11T15:35:58","modified_gmt":"2024-03-11T22:35:58","slug":"privacy-policy","status":"publish","type":"page","link":"https:\/\/underworldplumbing.com\/es\/politica-de-privacidad\/","title":{"rendered":"Pol\u00edtica de privacidad"},"content":{"rendered":"<div class=\"wpb-content-wrapper\"><div class=\"vc_row wpb_row\"><div class=\"container\"><div class=\"wpb_column vc_column_container vc_col-sm-12\"><div class=\"vc_column-inner\"><div class=\"wpb_wrapper\">\n\t<div class=\"wpb_text_column wpb_content_element\" >\n\t\t<div class=\"wpb_wrapper\">\n\t\t\t<p><b>Pol\u00edtica de privacidad<\/b><\/p>\n<p>Fecha de entrada en vigor: 1 de enero de 2024<\/p>\n<p>\nUnderworld Plumbing, LLC (\"nosotros\", \"nos\" o \"nuestro\") gestiona el sitio web <a href=\"https:\/\/underworldplumbing.com\/es\/\">\nhttps:\/\/underworldplumbing.com\/<\/a> (el \"Servicio\"). Para los usuarios ubicados en el Espacio Econ\u00f3mico Europeo, y en la medida en que sea aplicable,\nUnderworld Plumbing, LLC es el controlador de datos y es responsable de los Datos Personales (como se define a continuaci\u00f3n) de los usuarios del EEE de los Servicios.<\/p>\n<p>Esta p\u00e1gina le informa de nuestras pol\u00edticas relativas a la recogida, uso y divulgaci\u00f3n de datos personales cuando utiliza nuestro Servicio y de las opciones que tiene asociadas a esos datos.<\/p>\n<p>Utilizamos sus datos para proporcionar y mejorar el Servicio. Al utilizar el Servicio, usted acepta la recopilaci\u00f3n y el uso de informaci\u00f3n de acuerdo con esta pol\u00edtica.<\/p>\n<h2><b>RECOGIDA Y USO DE LA INFORMACI\u00d3N<\/b><\/h2>\n<p>Recopilamos distintos tipos de informaci\u00f3n con diversos fines para prestarle y mejorar nuestro Servicio.<\/p>\n<p>Cuando debamos recopilar Datos Personales por ley, o en virtud de las condiciones de un contrato que hayamos suscrito con usted, y usted no facilite dichos datos cuando se le soliciten, es posible que no podamos prestarle el Servicio o ejecutar el contrato que hayamos suscrito o estemos intentando suscribir con usted.<\/p>\n<h3><b>Tipos de datos recogidos<\/b><\/h3>\n<h4><b><i>Datos personales<\/i><\/b><\/h4>\n<p>Al utilizar nuestro Servicio, recopilamos cierta informaci\u00f3n de identificaci\u00f3n personal que puede utilizarse (sola o en combinaci\u00f3n con otra informaci\u00f3n) para ponernos en contacto con usted o identificarle (\"Datos personales\"). Recogemos y utilizamos sus Datos Personales para los fines que se indican a continuaci\u00f3n. Los Datos Personales que recogemos incluyen:<\/p>\n<ul>\n<li>Direcci\u00f3n de correo electr\u00f3nico<\/li>\n<li>Nombre y apellidos<\/li>\n<li>N\u00famero de tel\u00e9fono<\/li>\n<li>Direcci\u00f3n, Estado, Provincia, C\u00f3digo postal, Ciudad<\/li>\n<li>Datos de uso (incluidos los datos obtenidos mediante el uso de cookies o tecnolog\u00edas similares)<\/li>\n<li>Datos de localizaci\u00f3n<\/li>\n<li>Datos de las cookies<\/li>\n<\/ul>\n<p>Cuando inicia sesi\u00f3n en nuestro Servicio utilizando una cuenta de una red social, da permiso a la plataforma de la red social para que comparta con nosotros sus Datos Personales.<\/p>\n<h4><b><i>Datos de uso<\/i><\/b><\/h4>\n<p>Tambi\u00e9n podemos recopilar informaci\u00f3n sobre c\u00f3mo utiliza y accede al Servicio (por ejemplo, la duraci\u00f3n de una visita a una p\u00e1gina y su recorrido de navegaci\u00f3n, incluyendo desde d\u00f3nde entr\u00f3 en el Servicio y hacia d\u00f3nde se dirige desde que sale) (\"Datos de Uso\"). Estos Datos de Uso incluyen informaci\u00f3n como la direcci\u00f3n de Protocolo de Internet de su dispositivo (es decir, la direcci\u00f3n IP), el tipo de navegador, la versi\u00f3n del navegador, las p\u00e1ginas de nuestro Servicio que visita, la hora y la fecha de su visita, el tiempo que pasa en esas p\u00e1ginas, identificadores \u00fanicos de dispositivos y otros datos de diagn\u00f3stico.<\/p>\n<h4><b><i>Datos de localizaci\u00f3n<\/i><\/b><\/h4>\n<p>Podemos utilizar y almacenar informaci\u00f3n sobre su ubicaci\u00f3n si nos da permiso para ello (\"Datos de Ubicaci\u00f3n\").   Utilizamos estos datos para proporcionar funciones de nuestro Servicio, para mejorar y personalizar nuestro Servicio.<\/p>\n<p>Puede activar o desactivar los servicios de localizaci\u00f3n cuando utilice nuestro Servicio en cualquier momento, a trav\u00e9s de la configuraci\u00f3n de su dispositivo.<\/p>\n<h4><b><i>Cookies de seguimiento de datos<\/i><\/b><\/h4>\n<p>Utilizamos cookies y tecnolog\u00edas de seguimiento similares para rastrear la actividad en nuestro Servicio y conservar cierta informaci\u00f3n (\"Datos de Cookies\"). Usted puede indicar a su navegador que rechace todas las cookies o que le indique cu\u00e1ndo se est\u00e1 instalando una cookie. Sin embargo, si no acepta las cookies, es posible que no pueda utilizar algunas partes de nuestro Servicio. Para m\u00e1s informaci\u00f3n, consulte nuestra Pol\u00edtica de Cookies.<\/p>\n<h2><b>UTILIZACI\u00d3N DE LOS DATOS<\/b><\/h2>\n<p>\nUnderworld Plumbing, LLC utiliza los datos que recoge para diversos fines:<\/p>\n<ul>\n<li>Proporcionar y mantener nuestro Servicio y los servicios a los que se suscriba;<\/li>\n<li>Para notificarle cambios en nuestro Servicio;<\/li>\n<li>Permitirle participar en funciones interactivas de nuestro Servicio cuando decida hacerlo;<\/li>\n<li>Proporcionar asistencia al cliente, lo que incluye responder a sus consultas y resolver reclamaciones;<\/li>\n<li>Utilizar an\u00e1lisis de datos para mejorar nuestro Servicio, productos\/servicios, marketing, relaciones con los clientes y experiencias - v\u00e9ase \"An\u00e1lisis\" a continuaci\u00f3n;<\/li>\n<li>Para supervisar el uso de nuestro Servicio - v\u00e9ase \"Analytics\" m\u00e1s abajo;<\/li>\n<li>Para administrar y proteger nuestro negocio y el Servicio (incluidos la contabilidad y los registros, la resoluci\u00f3n de problemas, el an\u00e1lisis de datos, las pruebas, el mantenimiento del sistema, la asistencia, la elaboraci\u00f3n de informes y el alojamiento de datos);<\/li>\n<li>Para ofrecerle contenidos y anuncios personalizados del Servicio (incluido el uso de terceros proveedores de servicios) y medir o comprender la eficacia de la publicidad que nosotros (o dichos terceros) le ofrecemos;<\/li>\n<li>Vender espacios publicitarios en el Servicio;<\/li>\n<li>Proporcionarle noticias, ofertas especiales e informaci\u00f3n general sobre otros productos, servicios y eventos que ofrezcamos y que sean similares a los que ya ha comprado o sobre los que ha preguntado, a menos que haya optado por no recibir dicha informaci\u00f3n (v\u00e9ase \"Marketing\" m\u00e1s adelante);<\/li>\n<li>Cumplir las leyes y reglamentos aplicables.<\/li>\n<\/ul>\n<h3><b>Anal\u00edtica<\/b><\/h3>\n<p>Utilizamos Google Analytics para supervisar y analizar el uso de nuestro Servicio. Google Analytics es un servicio de an\u00e1lisis web ofrecido por Google que rastrea e informa sobre el tr\u00e1fico del sitio web. Para obtener m\u00e1s informaci\u00f3n sobre las pr\u00e1cticas de privacidad de Google, consulte las Condiciones de privacidad de Google:\u00a0<a href=\"https:\/\/policies.google.com\/?hl=en\">https:\/\/policies.google.com\/?hl=en<\/a><\/p>\n<p>Puede optar por que Google Analytics no utilice sus datos instalando el complemento de inhabilitaci\u00f3n para navegadores de Google Analytics:\u00a0<a href=\"https:\/\/tools.google.com\/dlpage\/gaoptout\">https:\/\/tools.google.com\/dlpage\/gaoptout<\/a><\/p>\n<h2><b>MARKETING<\/b><\/h2>\n<p>En relaci\u00f3n con las comunicaciones de marketing, podemos ofrecerle un mecanismo de \"inclusi\u00f3n voluntaria\" o de \"exclusi\u00f3n voluntaria\" en funci\u00f3n del lugar del mundo en el que se encuentre. Un mecanismo de \"opt-in\" le dar\u00e1 la oportunidad de indicar positivamente que desea o no se opone a que le enviemos dichas comunicaciones y no le enviaremos ninguna a menos que haya \"optado\". Un mecanismo de \"exclusi\u00f3n\" le ofrecer\u00e1 la oportunidad de indicar que no desea que le enviemos dichas comunicaciones adicionales, y si usted \"opta por la exclusi\u00f3n\" no le enviaremos ninguna.<\/p>\n<p><b>BASE JUR\u00cdDICA PARA EL TRATAMIENTO DE DATOS PERSONALES CON ARREGLO AL REGLAMENTO GENERAL DE PROTECCI\u00d3N DE DATOS (RGPPD)<\/b><\/p>\n<p>Si se encuentra en el Espacio Econ\u00f3mico Europeo,\nLa base legal de Underworld Plumbing, LLC para recopilar y utilizar sus Datos Personales, tal y como se describe en esta Pol\u00edtica de Privacidad, depende de los Datos Personales que recopilamos y del contexto espec\u00edfico en el que los recopilamos.<\/p>\n<p>En general, tratamos sus Datos Personales sobre la base de uno o varios de los siguientes fundamentos jur\u00eddicos:<\/p>\n<ul>\n<li>Necesitamos cumplir un contrato con usted;<\/li>\n<li>Usted nos ha dado permiso para hacerlo;<\/li>\n<li>El tratamiento responde a nuestros intereses leg\u00edtimos y no queda anulado por sus derechos. Dichos \"intereses leg\u00edtimos\" incluyen:<\/li>\n<li>estudiar c\u00f3mo utilizan los clientes el Servicio,<\/li>\n<li>para desarrollar el Servicio y hacer crecer nuestro negocio,<\/li>\n<li>para gestionar nuestro negocio, incluida la prestaci\u00f3n de servicios de administraci\u00f3n y TI, la seguridad de la red, para prevenir el fraude y en el contexto de un ejercicio de reorganizaci\u00f3n empresarial o reestructuraci\u00f3n del grupo,<\/li>\n<li>informar nuestra estrategia de marketing y publicidad; o<\/li>\n<li>Para cumplir nuestras obligaciones legales y reglamentarias.<\/li>\n<\/ul>\n<p>Podemos procesar sus Datos Personales por m\u00e1s de un motivo legal dependiendo del prop\u00f3sito espec\u00edfico para el que estemos utilizando sus datos. P\u00f3ngase en contacto con nosotros si necesita informaci\u00f3n sobre el fundamento jur\u00eddico espec\u00edfico en el que nos basamos para tratar sus Datos Personales.<\/p>\n<h2><b>CONSERVACI\u00d3N DE DATOS<\/b><\/h2>\n<p>\nUnderworld Plumbing, LLC conserva sus Datos Personales s\u00f3lo durante el tiempo que sea necesario para los fines establecidos en esta Pol\u00edtica de Privacidad. Vamos a conservar y utilizar sus datos personales en la medida necesaria para cumplir con nuestras obligaciones legales (por ejemplo, si estamos obligados a conservar sus datos para cumplir con las leyes aplicables), resolver disputas y hacer cumplir nuestros acuerdos legales y pol\u00edticas.<\/p>\n<p>Tambi\u00e9n conservamos los Datos de Uso para an\u00e1lisis internos y fines estad\u00edsticos. Por lo general, los Datos de Uso se conservan durante un periodo de tiempo m\u00e1s corto que otros Datos Personales, excepto cuando dichos datos se utilizan para reforzar la seguridad del Servicio o para mejorar la funcionalidad de nuestro Servicio, o cuando estamos legalmente obligados a conservar dichos datos durante periodos de tiempo m\u00e1s largos.<\/p>\n<p>Para determinar el periodo de conservaci\u00f3n adecuado de los Datos Personales, tenemos en cuenta la cantidad, la naturaleza y la sensibilidad de los Datos Personales, el riesgo potencial de da\u00f1o derivado del uso o la divulgaci\u00f3n no autorizados de sus Datos Personales, los fines para los que procesamos sus Datos Personales y si podemos alcanzar dichos fines por otros medios, as\u00ed como los requisitos legales, normativos, fiscales, contables o de otro tipo aplicables.<\/p>\n<h2><b>TRANSFERENCIA DE DATOS<\/b><\/h2>\n<p>Su informaci\u00f3n, incluidos los Datos Personales, puede transferirse y almacenarse en ordenadores situados fuera de su estado, provincia, pa\u00eds u otra jurisdicci\u00f3n gubernamental en la que las leyes de protecci\u00f3n de datos puedan diferir de las de su jurisdicci\u00f3n local.<\/p>\n<p>Si se encuentra fuera de Estados Unidos y decide proporcionarnos informaci\u00f3n, tenga en cuenta que esta informaci\u00f3n, incluidos los Datos Personales, se procesa en Estados Unidos.<\/p>\n<p>Sujeto a la legislaci\u00f3n aplicable, el uso del Servicio y el env\u00edo de dicha informaci\u00f3n constituye su acuerdo a la transferencia de su informaci\u00f3n a los Estados Unidos.<\/p>\n<p>Tomaremos todas las medidas razonablemente necesarias para garantizar que sus datos sean tratados de forma segura y de acuerdo con esta Pol\u00edtica de Privacidad. No se realizar\u00e1 ninguna transferencia de sus Datos Personales a una organizaci\u00f3n o un pa\u00eds a menos que existan controles adecuados en relaci\u00f3n con la seguridad de sus datos (incluidos los Datos Personales).<\/p>\n<h2><b>DIVULGACI\u00d3N DE DATOS<\/b><\/h2>\n<p>\nUnderworld Plumbing, LLC puede compartir sus Datos Personales con las partes, o en las circunstancias, que se indican a continuaci\u00f3n. Exigimos a todos los terceros que respeten la seguridad de sus Datos Personales y que los traten de acuerdo con la ley. No permitimos que nuestros proveedores de servicios externos utilicen sus Datos Personales para sus propios fines y s\u00f3lo les permitimos procesar sus Datos Personales para fines espec\u00edficos y de acuerdo con nuestras instrucciones.<\/p>\n<ul>\n<li>Podemos compartir la informaci\u00f3n recopilada a trav\u00e9s de los Servicios con nuestras filiales. Estos afiliados est\u00e1n autorizados a utilizar su informaci\u00f3n para sus propios fines de marketing y de manera compatible con esta Pol\u00edtica de Privacidad.<\/li>\n<li><b>Proveedores de servicios<\/b>: Podemos contratar a terceras empresas y particulares para facilitar nuestro Servicio, prestar el Servicio en nuestro nombre, realizar actividades relacionadas con el Servicio o ayudarnos a analizar c\u00f3mo se utiliza nuestro Servicio. Estos terceros tienen acceso a sus Datos Personales \u00fanicamente para realizar estas tareas en nuestro nombre y est\u00e1n obligados a no divulgarlos ni utilizarlos para ning\u00fan otro fin.<\/li>\n<li><b>Transacci\u00f3n comercial<\/b>: Si participamos en una fusi\u00f3n, adquisici\u00f3n o venta de activos, sus Datos Personales podr\u00e1n ser transferidos a un tercero. Si se produce un cambio en nuestra empresa, los nuevos propietarios podr\u00e1n utilizar sus Datos Personales del mismo modo que se establece en la presente Pol\u00edtica de Privacidad.<\/li>\n<li><b>Divulgaci\u00f3n para la aplicaci\u00f3n de la ley<\/b>: En determinadas circunstancias, podemos vernos obligados a revelar sus Datos Personales si as\u00ed nos lo exige la ley o en respuesta a solicitudes v\u00e1lidas de las autoridades p\u00fablicas (por ejemplo, un tribunal, una agencia gubernamental o una organizaci\u00f3n encargada de hacer cumplir la ley).<\/li>\n<li><b>Requisitos legales<\/b>: Podremos revelar sus Datos Personales a dichos terceros cuando dicha acci\u00f3n sea necesaria para: cumplir con una obligaci\u00f3n legal, proteger y defender los derechos o la propiedad de\nUnderworld Plumbing, LLC, prevenir o investigar posibles irregularidades en relaci\u00f3n con el Servicio, proteger la seguridad personal de los usuarios del Servicio o del p\u00fablico, o proteger contra la responsabilidad legal.<\/li>\n<li><b>Asesores profesionales<\/b>: Compartiremos sus Datos Personales con nuestros asesores profesionales, incluidos asesores jur\u00eddicos y aseguradoras, cuando sea necesario para el asesoramiento que prestan. Estos terceros tienen acceso a sus Datos Personales \u00fanicamente para realizar estas tareas en nuestro nombre y est\u00e1n obligados a no divulgarlos ni utilizarlos para ning\u00fan otro fin.<\/li>\n<li><b>Socios publicitarios<\/b>: Podemos compartir su informaci\u00f3n con nuestros socios publicitarios. Consulte \"Marketing\" y \"Behavioral Remarketing\" m\u00e1s arriba. Esto significa que cuando se encuentre en otro sitio web, es posible que se le muestre publicidad basada en sus patrones de navegaci\u00f3n en el Servicio. Tambi\u00e9n podemos mostrarle publicidad en el Servicio basada en sus pautas de navegaci\u00f3n en otros sitios que hayamos obtenido de nuestros socios publicitarios.<\/li>\n<\/ul>\n<h2><b>SEGURIDAD DE LOS DATOS<\/b><\/h2>\n<p>La seguridad de sus datos es importante para nosotros, pero ning\u00fan m\u00e9todo de transmisi\u00f3n a trav\u00e9s de Internet, o m\u00e9todo de almacenamiento electr\u00f3nico es 100% seguro. Aunque nos esforzamos por utilizar medios comercialmente aceptables para proteger sus Datos Personales, no podemos garantizar su seguridad absoluta.<\/p>\n<p><b>SE\u00d1ALES DE \"NO RASTREAR\" CON ARREGLO A LA LEY CALIFORNIANA DE PROTECCI\u00d3N DE LA INTIMIDAD EN L\u00cdNEA (CALOPPA)<\/b><\/p>\n<p>No admitimos Do Not Track (\"DNT\"). Do Not Track es una preferencia que puede configurar en su navegador para informar a los sitios web de que no desea ser rastreado. Puede activar o desactivar Do Not Track visitando la p\u00e1gina de Preferencias o Configuraci\u00f3n de su navegador web.<\/p>\n<p><b>SUS DERECHOS EN MATERIA DE PROTECCI\u00d3N DE DATOS CON ARREGLO AL REGLAMENTO GENERAL DE PROTECCI\u00d3N DE DATOS (RGPPD)<\/b><\/p>\n<p>Si se encuentra en el EEE y est\u00e1 sujeto a las exenciones de la legislaci\u00f3n nacional o local, tiene ciertos derechos de protecci\u00f3n de datos en determinadas circunstancias. P\u00f3ngase en contacto con nosotros si desea ejercer alguno de estos derechos.<\/p>\n<ul>\n<li><b>Derecho a retirar el consentimiento en cualquier momento<\/b>: Se aplica cuando nos basamos en el consentimiento para tratar sus Datos Personales.<\/li>\n<li><b>Acceda a<\/b>: Esto le permite recibir una copia de los Datos Personales que tenemos sobre usted y comprobar que son exactos y que los estamos procesando legalmente.<\/li>\n<li><b>Objeto<\/b>: Esto le permite oponerse al tratamiento de sus Datos Personales cuando nos basamos en un inter\u00e9s leg\u00edtimo y existe un impacto en sus derechos y libertades fundamentales. En algunos casos, podemos demostrar que tenemos motivos leg\u00edtimos imperiosos para tratar su informaci\u00f3n que prevalecen sobre algunos de sus derechos y libertades. Tambi\u00e9n tiene derecho a oponerse cuando tratemos sus Datos Personales con fines de marketing directo.<\/li>\n<li><b>Correcci\u00f3n<\/b>: Esto le permite corregir cualquier Dato Personal incompleto o inexacto que tengamos sobre usted, aunque puede que tengamos que verificar la exactitud de los nuevos Datos Personales que nos proporcione.<\/li>\n<li><b>Borrado<\/b>: Esto le permite pedirnos que suprimamos o eliminemos los Datos Personales cuando no haya ninguna raz\u00f3n v\u00e1lida para que sigamos trat\u00e1ndolos. Tenga en cuenta, no obstante, que no siempre podremos acceder a su solicitud de supresi\u00f3n por motivos legales espec\u00edficos que se le notificar\u00e1n, si procede, en el momento de su solicitud.<\/li>\n<li><b>Portabilidad<\/b>: Le permite solicitar la transferencia de sus Datos Personales a usted o a un tercero. Le proporcionaremos a usted, o a un tercero que usted haya elegido, sus Datos Personales en un formato estructurado, de uso com\u00fan y lectura mec\u00e1nica. Tenga en cuenta que este derecho s\u00f3lo se aplica a la informaci\u00f3n automatizada para cuyo uso usted nos haya dado inicialmente su consentimiento o cuando hayamos utilizado la informaci\u00f3n para ejecutar un contrato con usted.<\/li>\n<li><b>Restricci\u00f3n<\/b>: Esto le permite pedirnos que suspendamos el tratamiento de sus Datos Personales en las siguientes circunstancias: (a) si quiere que establezcamos la exactitud de la informaci\u00f3n; (b) cuando nuestro uso de los datos es ilegal pero no quiere que los borremos; (c) cuando necesita que conservemos los Datos Personales aunque ya no los necesitemos ya que los necesita para establecer, ejercer o defender reclamaciones legales; o (d) se ha opuesto a que utilicemos sus Datos Personales pero necesitamos verificar si tenemos motivos leg\u00edtimos imperiosos para utilizarlos.<\/li>\n<\/ul>\n<p>Tenga en cuenta que podemos pedirle que verifique su identidad antes de responder a dichas solicitudes.<\/p>\n<p>Usted tiene derecho a presentar en cualquier momento una reclamaci\u00f3n ante la Autoridad de Protecci\u00f3n de Datos de la UE competente sobre la recogida y el uso que hacemos de sus Datos Personales. No obstante, le agradecer\u00edamos que nos diera la oportunidad de atender su reclamaci\u00f3n en primera instancia.<\/p>\n<h2><b>ENLACES A OTROS SITIOS<\/b><\/h2>\n<p>Nuestro Servicio puede contener enlaces a otros sitios que no son operados por nosotros. Si hace clic en un enlace de terceros, ser\u00e1 dirigido al sitio de ese tercero. Le recomendamos encarecidamente que revise la Pol\u00edtica de Privacidad de cada sitio que visite.<\/p>\n<p>No tenemos control ni asumimos responsabilidad alguna por el contenido, las pol\u00edticas de privacidad o las pr\u00e1cticas de los sitios o servicios de terceros.<\/p>\n<h2><b>INTIMIDAD DE LOS NI\u00d1OS<\/b><\/h2>\n<p>Nuestro Servicio no se dirige a menores de 18 a\u00f1os y no recopilamos a sabiendas Datos Personales de menores de 18 a\u00f1os. Si usted es padre o tutor y tiene conocimiento de que su hijo nos ha proporcionado Datos Personales, p\u00f3ngase en contacto con nosotros. Si tenemos conocimiento de que hemos recogido Datos Personales de ni\u00f1os sin verificar el consentimiento paterno, tomamos medidas para eliminar esa informaci\u00f3n de nuestros servidores.<\/p>\n<h2><b>CAMBIOS EN ESTA POL\u00cdTICA DE PRIVACIDAD<\/b><\/h2>\n<p>Es posible que actualicemos nuestra Pol\u00edtica de Privacidad de vez en cuando. Le notificaremos cualquier cambio publicando la nueva Pol\u00edtica de Privacidad en esta p\u00e1gina y actualizando la \"fecha de entrada en vigor\" en la parte superior de esta Pol\u00edtica de Privacidad. Cuando introduzcamos cambios sustanciales en esta Pol\u00edtica de Privacidad, procuraremos notific\u00e1rselo espec\u00edficamente por correo electr\u00f3nico y\/o mediante un aviso destacado en nuestro Servicio. No obstante, le aconsejamos que revise peri\u00f3dicamente esta Pol\u00edtica de Privacidad para comprobar si se han producido cambios. Las modificaciones de esta Pol\u00edtica de Privacidad entrar\u00e1n en vigor cuando se publiquen en esta p\u00e1gina.<\/p>\n<h2><b>CONTACTO<\/b><\/h2>\n<p>Si tiene alguna pregunta sobre esta Pol\u00edtica de privacidad, p\u00f3ngase en contacto con nosotros por correo electr\u00f3nico en la direcci\u00f3n\u00a0<a href=\"mailto:uwplumbing@gmail.com\">\nuwplumbing@gmail.com<\/a>.<\/p>\n\n\t\t<\/div>\n\t<\/div>\n<\/div><\/div><\/div><\/div><\/div>\n<\/div>","protected":false},"excerpt":{"rendered":"Privacy Policy Effective date: Jan, 1st, 2024 Underworld Plumbing, LLC (\u201cus\u201d, \u201cwe\u201d, or \u201cour\u201d) operates the https:\/\/underworldplumbing.com\/ website (the \u201cService\u201d). For users located in the European Economic Area, and to the extent applicable, Underworld Plumbing, LLC is the data controller and is responsible for the Personal Data (as defined below) of EEA users of the&hellip; <a class=\"more-link\" href=\"https:\/\/underworldplumbing.com\/es\/politica-de-privacidad\/\">Seguir leyendo <span class=\"screen-reader-text\">Pol\u00edtica de privacidad<\/span><\/a>","protected":false},"author":1,"featured_media":0,"parent":0,"menu_order":0,"comment_status":"closed","ping_status":"closed","template":"","meta":{"_acf_changed":false,"footnotes":""},"class_list":["post-1617","page","type-page","status-publish","entry"],"acf":[],"aioseo_notices":[],"_links":{"self":[{"href":"https:\/\/underworldplumbing.com\/es\/wp-json\/wp\/v2\/pages\/1617","targetHints":{"allow":["GET"]}}],"collection":[{"href":"https:\/\/underworldplumbing.com\/es\/wp-json\/wp\/v2\/pages"}],"about":[{"href":"https:\/\/underworldplumbing.com\/es\/wp-json\/wp\/v2\/types\/page"}],"author":[{"embeddable":true,"href":"https:\/\/underworldplumbing.com\/es\/wp-json\/wp\/v2\/users\/1"}],"replies":[{"embeddable":true,"href":"https:\/\/underworldplumbing.com\/es\/wp-json\/wp\/v2\/comments?post=1617"}],"version-history":[{"count":0,"href":"https:\/\/underworldplumbing.com\/es\/wp-json\/wp\/v2\/pages\/1617\/revisions"}],"wp:attachment":[{"href":"https:\/\/underworldplumbing.com\/es\/wp-json\/wp\/v2\/media?parent=1617"}],"curies":[{"name":"wp","href":"https:\/\/api.w.org\/{rel}","templated":true}]}}